{"id":35,"date":"2025-04-17T09:35:33","date_gmt":"2025-04-17T09:35:33","guid":{"rendered":"https:\/\/fayerfo.com\/home-page\/"},"modified":"2025-05-12T21:25:21","modified_gmt":"2025-05-12T21:25:21","slug":"home-page","status":"publish","type":"page","link":"https:\/\/fayerfo.com\/fr\/","title":{"rendered":"Home page"},"content":{"rendered":"","protected":false},"excerpt":{"rendered":"","protected":false},"author":1,"featured_media":71,"parent":0,"menu_order":0,"comment_status":"closed","ping_status":"closed","template":"frontpage.php","meta":{"footnotes":""},"class_list":["post-35","page","type-page","status-publish","has-post-thumbnail","hentry"],"acf":[],"yoast_head":"<!-- This site is optimized with the Yoast SEO plugin v26.0 - https:\/\/yoast.com\/wordpress\/plugins\/seo\/ -->\n<title>FFO | Bureau familial Fayer<\/title>\n<meta name=\"description\" content=\"FORTS DE NOTRE EXP\u00c9RIENCE, NOUS INVESTISSONS DANS L&#039;AVENIR. Nous sommes un groupe d\u2019investissement familial, fond\u00e9 par Phil Fayer, le fondateur et pr\u00e9sident de la fintech mondiale Nuvei, et dirig\u00e9 par des entrepreneurs aguerris.\" \/>\n<meta name=\"robots\" content=\"index, follow, max-snippet:-1, max-image-preview:large, max-video-preview:-1\" \/>\n<link rel=\"canonical\" href=\"https:\/\/fayerfo.com\/fr\/\" \/>\n<meta property=\"og:locale\" content=\"fr_FR\" \/>\n<meta property=\"og:type\" content=\"article\" \/>\n<meta property=\"og:title\" content=\"FFO | Bureau familial Fayer\" \/>\n<meta property=\"og:description\" content=\"FORTS DE NOTRE EXP\u00c9RIENCE, NOUS INVESTISSONS DANS L&#039;AVENIR. Nous sommes un groupe d\u2019investissement familial, fond\u00e9 par Phil Fayer, le fondateur et pr\u00e9sident de la fintech mondiale Nuvei, et dirig\u00e9 par des entrepreneurs aguerris.\" \/>\n<meta property=\"og:url\" content=\"https:\/\/fayerfo.com\/fr\/\" \/>\n<meta property=\"og:site_name\" content=\"FFO | Fayer Family Office\" \/>\n<meta property=\"article:modified_time\" content=\"2025-05-12T21:25:21+00:00\" \/>\n<meta property=\"og:image\" content=\"https:\/\/fayerfo.com\/wp-content\/uploads\/2025\/04\/FFO-sq.png\" \/>\n\t<meta property=\"og:image:width\" content=\"1068\" \/>\n\t<meta property=\"og:image:height\" content=\"1067\" \/>\n\t<meta property=\"og:image:type\" content=\"image\/png\" \/>\n<meta name=\"twitter:card\" content=\"summary_large_image\" \/>\n<meta name=\"twitter:label1\" content=\"Dur\u00e9e de lecture estim\u00e9e\" \/>\n\t<meta name=\"twitter:data1\" content=\"1 minute\" \/>\n<script type=\"application\/ld+json\" class=\"yoast-schema-graph\">{\"@context\":\"https:\/\/schema.org\",\"@graph\":[{\"@type\":\"WebPage\",\"@id\":\"https:\/\/fayerfo.com\/fr\/\",\"url\":\"https:\/\/fayerfo.com\/fr\/\",\"name\":\"FFO | Bureau familial Fayer\",\"isPartOf\":{\"@id\":\"https:\/\/fayerfo.com\/fr\/#website\"},\"primaryImageOfPage\":{\"@id\":\"https:\/\/fayerfo.com\/fr\/#primaryimage\"},\"image\":{\"@id\":\"https:\/\/fayerfo.com\/fr\/#primaryimage\"},\"thumbnailUrl\":\"https:\/\/fayerfo.com\/wp-content\/uploads\/2025\/04\/FFO-sq.png\",\"datePublished\":\"2025-04-17T09:35:33+00:00\",\"dateModified\":\"2025-05-12T21:25:21+00:00\",\"description\":\"FORTS DE NOTRE EXP\u00c9RIENCE, NOUS INVESTISSONS DANS L'AVENIR. Nous sommes un groupe d\u2019investissement familial, fond\u00e9 par Phil Fayer, le fondateur et pr\u00e9sident de la fintech mondiale Nuvei, et dirig\u00e9 par des entrepreneurs aguerris.\",\"breadcrumb\":{\"@id\":\"https:\/\/fayerfo.com\/fr\/#breadcrumb\"},\"inLanguage\":\"fr-FR\",\"potentialAction\":[{\"@type\":\"ReadAction\",\"target\":[\"https:\/\/fayerfo.com\/fr\/\"]}]},{\"@type\":\"ImageObject\",\"inLanguage\":\"fr-FR\",\"@id\":\"https:\/\/fayerfo.com\/fr\/#primaryimage\",\"url\":\"https:\/\/fayerfo.com\/wp-content\/uploads\/2025\/04\/FFO-sq.png\",\"contentUrl\":\"https:\/\/fayerfo.com\/wp-content\/uploads\/2025\/04\/FFO-sq.png\",\"width\":1068,\"height\":1067},{\"@type\":\"BreadcrumbList\",\"@id\":\"https:\/\/fayerfo.com\/fr\/#breadcrumb\",\"itemListElement\":[{\"@type\":\"ListItem\",\"position\":1,\"name\":\"Home\",\"item\":\"https:\/\/fayerfo.com\/fr\/\"},{\"@type\":\"ListItem\",\"position\":2,\"name\":\"Home page\"}]},{\"@type\":\"WebSite\",\"@id\":\"https:\/\/fayerfo.com\/fr\/#website\",\"url\":\"https:\/\/fayerfo.com\/fr\/\",\"name\":\"FFO | Fayer Family Office\",\"description\":\"\",\"publisher\":{\"@id\":\"https:\/\/fayerfo.com\/fr\/#organization\"},\"potentialAction\":[{\"@type\":\"SearchAction\",\"target\":{\"@type\":\"EntryPoint\",\"urlTemplate\":\"https:\/\/fayerfo.com\/fr\/?s={search_term_string}\"},\"query-input\":{\"@type\":\"PropertyValueSpecification\",\"valueRequired\":true,\"valueName\":\"search_term_string\"}}],\"inLanguage\":\"fr-FR\"},{\"@type\":\"Organization\",\"@id\":\"https:\/\/fayerfo.com\/fr\/#organization\",\"name\":\"FFO | Fayer Family Office\",\"url\":\"https:\/\/fayerfo.com\/fr\/\",\"logo\":{\"@type\":\"ImageObject\",\"inLanguage\":\"fr-FR\",\"@id\":\"https:\/\/fayerfo.com\/fr\/#\/schema\/logo\/image\/\",\"url\":\"https:\/\/fayerfo.com\/wp-content\/uploads\/2025\/04\/FFO-sq.png\",\"contentUrl\":\"https:\/\/fayerfo.com\/wp-content\/uploads\/2025\/04\/FFO-sq.png\",\"width\":1068,\"height\":1067,\"caption\":\"FFO | Fayer Family Office\"},\"image\":{\"@id\":\"https:\/\/fayerfo.com\/fr\/#\/schema\/logo\/image\/\"},\"sameAs\":[\"https:\/\/www.linkedin.com\/company\/fayer-family-office\/\"]}]}<\/script>\n<!-- \/ Yoast SEO plugin. -->","yoast_head_json":{"title":"FFO | Bureau familial Fayer","description":"FORTS DE NOTRE EXP\u00c9RIENCE, NOUS INVESTISSONS DANS L'AVENIR. Nous sommes un groupe d\u2019investissement familial, fond\u00e9 par Phil Fayer, le fondateur et pr\u00e9sident de la fintech mondiale Nuvei, et dirig\u00e9 par des entrepreneurs aguerris.","robots":{"index":"index","follow":"follow","max-snippet":"max-snippet:-1","max-image-preview":"max-image-preview:large","max-video-preview":"max-video-preview:-1"},"canonical":"https:\/\/fayerfo.com\/fr\/","og_locale":"fr_FR","og_type":"article","og_title":"FFO | Bureau familial Fayer","og_description":"FORTS DE NOTRE EXP\u00c9RIENCE, NOUS INVESTISSONS DANS L'AVENIR. Nous sommes un groupe d\u2019investissement familial, fond\u00e9 par Phil Fayer, le fondateur et pr\u00e9sident de la fintech mondiale Nuvei, et dirig\u00e9 par des entrepreneurs aguerris.","og_url":"https:\/\/fayerfo.com\/fr\/","og_site_name":"FFO | Fayer Family Office","article_modified_time":"2025-05-12T21:25:21+00:00","og_image":[{"width":1068,"height":1067,"url":"https:\/\/fayerfo.com\/wp-content\/uploads\/2025\/04\/FFO-sq.png","type":"image\/png"}],"twitter_card":"summary_large_image","twitter_misc":{"Dur\u00e9e de lecture estim\u00e9e":"1 minute"},"schema":{"@context":"https:\/\/schema.org","@graph":[{"@type":"WebPage","@id":"https:\/\/fayerfo.com\/fr\/","url":"https:\/\/fayerfo.com\/fr\/","name":"FFO | Bureau familial Fayer","isPartOf":{"@id":"https:\/\/fayerfo.com\/fr\/#website"},"primaryImageOfPage":{"@id":"https:\/\/fayerfo.com\/fr\/#primaryimage"},"image":{"@id":"https:\/\/fayerfo.com\/fr\/#primaryimage"},"thumbnailUrl":"https:\/\/fayerfo.com\/wp-content\/uploads\/2025\/04\/FFO-sq.png","datePublished":"2025-04-17T09:35:33+00:00","dateModified":"2025-05-12T21:25:21+00:00","description":"FORTS DE NOTRE EXP\u00c9RIENCE, NOUS INVESTISSONS DANS L'AVENIR. Nous sommes un groupe d\u2019investissement familial, fond\u00e9 par Phil Fayer, le fondateur et pr\u00e9sident de la fintech mondiale Nuvei, et dirig\u00e9 par des entrepreneurs aguerris.","breadcrumb":{"@id":"https:\/\/fayerfo.com\/fr\/#breadcrumb"},"inLanguage":"fr-FR","potentialAction":[{"@type":"ReadAction","target":["https:\/\/fayerfo.com\/fr\/"]}]},{"@type":"ImageObject","inLanguage":"fr-FR","@id":"https:\/\/fayerfo.com\/fr\/#primaryimage","url":"https:\/\/fayerfo.com\/wp-content\/uploads\/2025\/04\/FFO-sq.png","contentUrl":"https:\/\/fayerfo.com\/wp-content\/uploads\/2025\/04\/FFO-sq.png","width":1068,"height":1067},{"@type":"BreadcrumbList","@id":"https:\/\/fayerfo.com\/fr\/#breadcrumb","itemListElement":[{"@type":"ListItem","position":1,"name":"Home","item":"https:\/\/fayerfo.com\/fr\/"},{"@type":"ListItem","position":2,"name":"Home page"}]},{"@type":"WebSite","@id":"https:\/\/fayerfo.com\/fr\/#website","url":"https:\/\/fayerfo.com\/fr\/","name":"FFO | Fayer Family Office","description":"","publisher":{"@id":"https:\/\/fayerfo.com\/fr\/#organization"},"potentialAction":[{"@type":"SearchAction","target":{"@type":"EntryPoint","urlTemplate":"https:\/\/fayerfo.com\/fr\/?s={search_term_string}"},"query-input":{"@type":"PropertyValueSpecification","valueRequired":true,"valueName":"search_term_string"}}],"inLanguage":"fr-FR"},{"@type":"Organization","@id":"https:\/\/fayerfo.com\/fr\/#organization","name":"FFO | Fayer Family Office","url":"https:\/\/fayerfo.com\/fr\/","logo":{"@type":"ImageObject","inLanguage":"fr-FR","@id":"https:\/\/fayerfo.com\/fr\/#\/schema\/logo\/image\/","url":"https:\/\/fayerfo.com\/wp-content\/uploads\/2025\/04\/FFO-sq.png","contentUrl":"https:\/\/fayerfo.com\/wp-content\/uploads\/2025\/04\/FFO-sq.png","width":1068,"height":1067,"caption":"FFO | Fayer Family Office"},"image":{"@id":"https:\/\/fayerfo.com\/fr\/#\/schema\/logo\/image\/"},"sameAs":["https:\/\/www.linkedin.com\/company\/fayer-family-office\/"]}]}},"_links":{"self":[{"href":"https:\/\/fayerfo.com\/fr\/wp-json\/wp\/v2\/pages\/35","targetHints":{"allow":["GET"]}}],"collection":[{"href":"https:\/\/fayerfo.com\/fr\/wp-json\/wp\/v2\/pages"}],"about":[{"href":"https:\/\/fayerfo.com\/fr\/wp-json\/wp\/v2\/types\/page"}],"author":[{"embeddable":true,"href":"https:\/\/fayerfo.com\/fr\/wp-json\/wp\/v2\/users\/1"}],"replies":[{"embeddable":true,"href":"https:\/\/fayerfo.com\/fr\/wp-json\/wp\/v2\/comments?post=35"}],"version-history":[{"count":6,"href":"https:\/\/fayerfo.com\/fr\/wp-json\/wp\/v2\/pages\/35\/revisions"}],"predecessor-version":[{"id":74,"href":"https:\/\/fayerfo.com\/fr\/wp-json\/wp\/v2\/pages\/35\/revisions\/74"}],"wp:featuredmedia":[{"embeddable":true,"href":"https:\/\/fayerfo.com\/fr\/wp-json\/wp\/v2\/media\/71"}],"wp:attachment":[{"href":"https:\/\/fayerfo.com\/fr\/wp-json\/wp\/v2\/media?parent=35"}],"curies":[{"name":"wp","href":"https:\/\/api.w.org\/{rel}","templated":true}]}}