{"id":40,"date":"2025-04-17T08:51:24","date_gmt":"2025-04-17T08:51:24","guid":{"rendered":"https:\/\/fayerfo.com\/privacy-policy\/"},"modified":"2025-04-17T13:36:13","modified_gmt":"2025-04-17T13:36:13","slug":"termes-et-conditions","status":"publish","type":"page","link":"https:\/\/fayerfo.com\/fr\/termes-et-conditions\/","title":{"rendered":"Termes et conditions"},"content":{"rendered":"<p><strong>Le Bureau Familial Fayer (FFO<\/strong>) et ses affili\u00e9s exigent que tous les utilisateurs de leur(s) site(s) Internet (collectivement, le \u00ab\u00a0Site\u00a0\u00bb) adh\u00e8rent aux termes et conditions suivants. En acc\u00e9dant au Site, tu indiques que tu reconnais et acceptes ces termes et conditions. Lis attentivement tous les termes et conditions suivants.<\/p>\n<p>&nbsp;<\/p>\n<p><strong>LOIS ET R\u00c8GLEMENTS<\/strong><\/p>\n<p>L&rsquo;acc\u00e8s et l&rsquo;utilisation du site par l&rsquo;utilisateur sont soumis \u00e0 toutes les lois et r\u00e9glementations internationales, f\u00e9d\u00e9rales, \u00e9tatiques, provinciales et locales applicables \u00e0\u00a0<strong>FFO<\/strong>\u00a0qui h\u00e9berge le site et \u00e0 la juridiction d&rsquo;origine de l&rsquo;utilisateur.<\/p>\n<p>&nbsp;<\/p>\n<p><strong>PROPRI\u00c9T\u00c9 ET DROITS D&rsquo;AUTEUR<\/strong><\/p>\n<p>Toutes les informations, le contenu, les rapports, les donn\u00e9es, les graphiques, les interfaces, les pages web, les textes, les fichiers, les logiciels, les noms de produits, les noms de soci\u00e9t\u00e9s, les marques, les logos et les noms commerciaux contenus sur le Site (collectivement le \u00a0\u00bb Contenu \u00ab\u00a0), y compris la mani\u00e8re dont le Contenu est pr\u00e9sent\u00e9 ou appara\u00eet et toutes les informations qui s&rsquo;y rapportent, sont la propri\u00e9t\u00e9 de leurs propri\u00e9taires respectifs, comme indiqu\u00e9, de <strong>FFO<\/strong> ou de ses conc\u00e9dants de licence, selon le cas.<\/p>\n<p>&nbsp;<\/p>\n<p><strong>PAS DE GARANTIE<\/strong><\/p>\n<p>Tout le contenu du site est fourni \u00ab\u00a0tel quel\u00a0\u00bb sans garantie d&rsquo;aucune sorte, expresse ou implicite, y compris, mais sans s&rsquo;y limiter, les garanties implicites de qualit\u00e9 marchande et d&rsquo;ad\u00e9quation \u00e0 un usage particulier, de titre, d&rsquo;absence de contrefa\u00e7on, de s\u00e9curit\u00e9 ou d&rsquo;exactitude. Ce site Web et son contenu ne doivent pas \u00eatre interpr\u00e9t\u00e9s comme une offre de vente de produits ou de services.<\/p>\n<p>&nbsp;<\/p>\n<p><strong>FFO<\/strong> n&rsquo;approuve pas et n&rsquo;est pas responsable de l&rsquo;exactitude ou de la fiabilit\u00e9 de toute opinion, conseil ou d\u00e9claration faite par le biais du site par une partie autre que\u00a0<strong>FFO<\/strong>, sauf si cela est requis par la loi applicable. En aucun cas\u00a0<strong>FFO<\/strong> ne sera responsable des pertes ou dommages caus\u00e9s par la confiance d&rsquo;un utilisateur dans les informations obtenues par le biais du site. Il est de la responsabilit\u00e9 de l&rsquo;utilisateur d&rsquo;\u00e9valuer l&rsquo;exactitude, l&rsquo;exhaustivit\u00e9 ou l&rsquo;utilit\u00e9 de toute opinion, de tout conseil ou de tout autre contenu disponible par le biais du site. Le contenu peut ne pas \u00eatre exact, \u00e0 jour, complet ou non alt\u00e9r\u00e9 et il ne faut pas s&rsquo;y fier.<\/p>\n<p>&nbsp;<\/p>\n<p>Le contenu est fourni \u00e0 des fins \u00e9ducatives et informatives uniquement et ne doit pas \u00eatre interpr\u00e9t\u00e9 comme une recommandation pour un produit ou un service sp\u00e9cifique, une utilisation ou une ligne de conduite. Le contenu de ce site Web n&rsquo;est pas destin\u00e9 \u00e0 \u00eatre utilis\u00e9 comme un substitut de quelque nature que ce soit \u00e0 des conseils professionnels. Tu ne dois pas agir ou te fier au contenu sans demander l&rsquo;avis d&rsquo;un professionnel qualifi\u00e9.<\/p>\n<p>&nbsp;<\/p>\n<p><strong>LIMITATION DE LA RESPONSABILIT\u00c9<\/strong><\/p>\n<p>En aucun cas\u00a0<strong>FFO<\/strong>, ses affili\u00e9s, agents, conc\u00e9dants de licence, fournisseurs, ou leurs administrateurs, dirigeants ou employ\u00e9s respectifs ne seront responsables des dommages sp\u00e9ciaux, indirects, accessoires, punitifs, exemplaires, \u00e9conomiques ou cons\u00e9cutifs, quelle qu&rsquo;en soit la cause, y compris, mais sans s&rsquo;y limiter, les dommages pour perte d&rsquo;utilisation, perte de profits ou perte d&rsquo;\u00e9conomies, m\u00eame si\u00a0<strong>FFO<\/strong> ou l&rsquo;un de ses agents ou employ\u00e9s l\u00e9gitimes ont \u00e9t\u00e9 inform\u00e9s de la possibilit\u00e9 d&rsquo;un tel dommage ou d&rsquo;une telle r\u00e9clamation.<\/p>\n<p>&nbsp;<\/p>\n<p>En aucun cas\u00a0<strong>FFO<\/strong>, ses soci\u00e9t\u00e9s affili\u00e9es, agents, conc\u00e9dants de licence, fournisseurs, ou leurs administrateurs, dirigeants ou employ\u00e9s respectifs, ne seront responsables des dommages ou pertes r\u00e9sultant de virus, de la corruption de donn\u00e9es, de l&rsquo;\u00e9chec de messages, d&rsquo;erreurs de transmission ou d&rsquo;autres probl\u00e8mes, de liens vers des sites Web de tiers, de blessures personnelles, de contenu, de produits ou de services de tiers, de dommages ou de pertes caus\u00e9s par toi ou tes employ\u00e9s, agents ou sous-traitants, de la perte d&rsquo;utilisation, de l&rsquo;utilisation ou de l&rsquo;incapacit\u00e9 \u00e0 utiliser ce site Web ou son contenu, de tout autre site Web auquel on acc\u00e8de par ce site Web ou \u00e0 partir de ce dernier ; ou des \u00e9v\u00e9nements \u00e9chappant au contr\u00f4le raisonnable de\u00a0<strong>FFO<\/strong>, m\u00eame si\u00a0<strong>FFO<\/strong> ou l&rsquo;un de ses agents l\u00e9gitimes, ou employ\u00e9s ont \u00e9t\u00e9 inform\u00e9s de la possibilit\u00e9 d&rsquo;un tel dommage ou d&rsquo;une telle r\u00e9clamation.<\/p>\n<p>&nbsp;<\/p>\n<p>En aucun cas la responsabilit\u00e9 totale cumul\u00e9e de\u00a0<strong>FFO<\/strong>, de ses affili\u00e9s, de ses agents, de ses conc\u00e9dants, de ses fournisseurs et de leurs administrateurs, dirigeants et employ\u00e9s respectifs, d\u00e9coulant de quelque cause que ce soit (y compris, sans s&rsquo;y limiter, la rupture de contrat, la responsabilit\u00e9 d\u00e9lictuelle, la n\u00e9gligence ou autre), ne sera sup\u00e9rieure \u00e0 deux cents dollars.<\/p>\n<p>&nbsp;<\/p>\n<p><strong>FFO<\/strong> n&rsquo;assume aucune obligation de mise \u00e0 jour du contenu du site. Le contenu de ce site peut \u00eatre modifi\u00e9 sans pr\u00e9avis. La soci\u00e9t\u00e9 d\u00e9cline toute responsabilit\u00e9 en cas d&rsquo;utilisation ou de reproduction non autoris\u00e9e de toute partie de ce site.<\/p>\n<p>&nbsp;<\/p>\n<p><strong>CONFIDENTIALIT\u00c9 DES COMMUNICATIONS DES UTILISATEURS<\/strong><\/p>\n<p>Comme l&rsquo;exige la loi et conform\u00e9ment \u00e0 la d\u00e9claration de confidentialit\u00e9 de\u00a0<strong>FFO<\/strong>,\u00a0<strong>FFO<\/strong>\u00a0maintiendra la confidentialit\u00e9 de toutes les communications des utilisateurs qui contiennent des informations personnelles de l&rsquo;utilisateur et qui sont transmises directement \u00e0\u00a0<strong>FFO<\/strong>. Les messages post\u00e9s par un utilisateur sur un tableau d&rsquo;affichage ou dans un salon de discussion ne seront pas prot\u00e9g\u00e9s comme confidentiels et\u00a0<strong>FFO<\/strong> pourra utiliser et fournir les informations contenues dans ces messages (y compris les id\u00e9es, les concepts, le savoir-faire ou toute autre propri\u00e9t\u00e9 intellectuelle) \u00e0 l&rsquo;une de ses soci\u00e9t\u00e9s affili\u00e9es, \u00e0 quelque fin que ce soit et selon ce que\u00a0<strong>FFO<\/strong> jugera appropri\u00e9.<\/p>\n<p><strong>\u00a0<\/strong><\/p>\n<p><strong>SITES INTERNET LI\u00c9S<\/strong><\/p>\n<p><strong>FFO<\/strong> interdit la mise en cache, les liens hypertextes, les pop-ups vers le site et le cadrage de tout contenu disponible sur le site sans autorisation \u00e9crite.\u00a0<strong>FFO<\/strong> se r\u00e9serve le droit de d\u00e9sactiver tout lien ou cadre non autoris\u00e9 et d\u00e9cline sp\u00e9cifiquement toute responsabilit\u00e9 quant au Contenu disponible sur tout autre site Internet li\u00e9 au Site. L&rsquo;acc\u00e8s \u00e0 tout autre site Internet li\u00e9 au Site se fait aux risques et p\u00e9rils de l&rsquo;utilisateur.<\/p>\n<p>&nbsp;<\/p>\n<p><strong>LIENS VERS DES SITES DE TIERS<\/strong><\/p>\n<p>Ce site peut contenir des liens vers d&rsquo;autres sites d\u00e9tenus et exploit\u00e9s par des tiers (\u00a0\u00bb Sites tiers \u00ab\u00a0) et ne sont pas maintenus ou exploit\u00e9s par\u00a0<strong>FFO<\/strong>. Cependant, m\u00eame si ces tiers sont affili\u00e9s \u00e0 <strong>FFO, FFO<\/strong> n&rsquo;a aucun contr\u00f4le sur ces sites tiers li\u00e9s. Ces Sites tiers ont leurs propres pratiques ind\u00e9pendantes en mati\u00e8re de confidentialit\u00e9 et de collecte de donn\u00e9es, ainsi que leurs politiques juridiques, qui sont distinctes de celles de <strong>FFO<\/strong>. <strong>FFO<\/strong> n&rsquo;est pas responsable du contenu des Sites Tiers li\u00e9s et ne fait aucune d\u00e9claration concernant le contenu ou l&rsquo;exactitude du mat\u00e9riel sur ces sites. La consultation de ces sites tiers se fait enti\u00e8rement \u00e0 tes risques et p\u00e9rils.<\/p>\n","protected":false},"excerpt":{"rendered":"<p>Le Bureau Familial Fayer (FFO) et ses affili\u00e9s exigent que tous les utilisateurs de leur(s) site(s) Internet (collectivement, le \u00ab\u00a0Site\u00a0\u00bb) adh\u00e8rent aux termes et conditions suivants. En acc\u00e9dant au Site, tu indiques que tu reconnais et acceptes ces termes et conditions. Lis attentivement tous les termes et conditions suivants. &nbsp; LOIS ET R\u00c8GLEMENTS L&rsquo;acc\u00e8s et [&hellip;]<\/p>\n","protected":false},"author":1,"featured_media":0,"parent":0,"menu_order":0,"comment_status":"closed","ping_status":"closed","template":"","meta":{"footnotes":""},"class_list":["post-40","page","type-page","status-publish","hentry"],"acf":[],"yoast_head":"<!-- This site is optimized with the Yoast SEO plugin v26.0 - https:\/\/yoast.com\/wordpress\/plugins\/seo\/ -->\n<title>Termes et conditions - FFO | Fayer Family Office<\/title>\n<meta name=\"robots\" content=\"index, follow, max-snippet:-1, max-image-preview:large, max-video-preview:-1\" \/>\n<link rel=\"canonical\" href=\"https:\/\/fayerfo.com\/fr\/termes-et-conditions\/\" \/>\n<meta property=\"og:locale\" content=\"fr_FR\" \/>\n<meta property=\"og:type\" content=\"article\" \/>\n<meta property=\"og:title\" content=\"Termes et conditions - FFO | Fayer Family Office\" \/>\n<meta property=\"og:description\" content=\"Le Bureau Familial Fayer (FFO) et ses affili\u00e9s exigent que tous les utilisateurs de leur(s) site(s) Internet (collectivement, le \u00ab\u00a0Site\u00a0\u00bb) adh\u00e8rent aux termes et conditions suivants. En acc\u00e9dant au Site, tu indiques que tu reconnais et acceptes ces termes et conditions. Lis attentivement tous les termes et conditions suivants. &nbsp; LOIS ET R\u00c8GLEMENTS L&rsquo;acc\u00e8s et [&hellip;]\" \/>\n<meta property=\"og:url\" content=\"https:\/\/fayerfo.com\/fr\/termes-et-conditions\/\" \/>\n<meta property=\"og:site_name\" content=\"FFO | Fayer Family Office\" \/>\n<meta property=\"article:modified_time\" content=\"2025-04-17T13:36:13+00:00\" \/>\n<meta name=\"twitter:card\" content=\"summary_large_image\" \/>\n<meta name=\"twitter:label1\" content=\"Dur\u00e9e de lecture estim\u00e9e\" \/>\n\t<meta name=\"twitter:data1\" content=\"6 minutes\" \/>\n<script type=\"application\/ld+json\" class=\"yoast-schema-graph\">{\"@context\":\"https:\/\/schema.org\",\"@graph\":[{\"@type\":\"WebPage\",\"@id\":\"https:\/\/fayerfo.com\/fr\/termes-et-conditions\/\",\"url\":\"https:\/\/fayerfo.com\/fr\/termes-et-conditions\/\",\"name\":\"Termes et conditions - FFO | Fayer Family Office\",\"isPartOf\":{\"@id\":\"https:\/\/fayerfo.com\/fr\/#website\"},\"datePublished\":\"2025-04-17T08:51:24+00:00\",\"dateModified\":\"2025-04-17T13:36:13+00:00\",\"breadcrumb\":{\"@id\":\"https:\/\/fayerfo.com\/fr\/termes-et-conditions\/#breadcrumb\"},\"inLanguage\":\"fr-FR\",\"potentialAction\":[{\"@type\":\"ReadAction\",\"target\":[\"https:\/\/fayerfo.com\/fr\/termes-et-conditions\/\"]}]},{\"@type\":\"BreadcrumbList\",\"@id\":\"https:\/\/fayerfo.com\/fr\/termes-et-conditions\/#breadcrumb\",\"itemListElement\":[{\"@type\":\"ListItem\",\"position\":1,\"name\":\"Home\",\"item\":\"https:\/\/fayerfo.com\/fr\/\"},{\"@type\":\"ListItem\",\"position\":2,\"name\":\"Termes et conditions\"}]},{\"@type\":\"WebSite\",\"@id\":\"https:\/\/fayerfo.com\/fr\/#website\",\"url\":\"https:\/\/fayerfo.com\/fr\/\",\"name\":\"FFO | Fayer Family Office\",\"description\":\"\",\"publisher\":{\"@id\":\"https:\/\/fayerfo.com\/fr\/#organization\"},\"potentialAction\":[{\"@type\":\"SearchAction\",\"target\":{\"@type\":\"EntryPoint\",\"urlTemplate\":\"https:\/\/fayerfo.com\/fr\/?s={search_term_string}\"},\"query-input\":{\"@type\":\"PropertyValueSpecification\",\"valueRequired\":true,\"valueName\":\"search_term_string\"}}],\"inLanguage\":\"fr-FR\"},{\"@type\":\"Organization\",\"@id\":\"https:\/\/fayerfo.com\/fr\/#organization\",\"name\":\"FFO | Fayer Family Office\",\"url\":\"https:\/\/fayerfo.com\/fr\/\",\"logo\":{\"@type\":\"ImageObject\",\"inLanguage\":\"fr-FR\",\"@id\":\"https:\/\/fayerfo.com\/fr\/#\/schema\/logo\/image\/\",\"url\":\"https:\/\/fayerfo.com\/wp-content\/uploads\/2025\/04\/FFO-sq.png\",\"contentUrl\":\"https:\/\/fayerfo.com\/wp-content\/uploads\/2025\/04\/FFO-sq.png\",\"width\":1068,\"height\":1067,\"caption\":\"FFO | Fayer Family Office\"},\"image\":{\"@id\":\"https:\/\/fayerfo.com\/fr\/#\/schema\/logo\/image\/\"},\"sameAs\":[\"https:\/\/www.linkedin.com\/company\/fayer-family-office\/\"]}]}<\/script>\n<!-- \/ Yoast SEO plugin. -->","yoast_head_json":{"title":"Termes et conditions - FFO | Fayer Family Office","robots":{"index":"index","follow":"follow","max-snippet":"max-snippet:-1","max-image-preview":"max-image-preview:large","max-video-preview":"max-video-preview:-1"},"canonical":"https:\/\/fayerfo.com\/fr\/termes-et-conditions\/","og_locale":"fr_FR","og_type":"article","og_title":"Termes et conditions - FFO | Fayer Family Office","og_description":"Le Bureau Familial Fayer (FFO) et ses affili\u00e9s exigent que tous les utilisateurs de leur(s) site(s) Internet (collectivement, le \u00ab\u00a0Site\u00a0\u00bb) adh\u00e8rent aux termes et conditions suivants. En acc\u00e9dant au Site, tu indiques que tu reconnais et acceptes ces termes et conditions. Lis attentivement tous les termes et conditions suivants. &nbsp; LOIS ET R\u00c8GLEMENTS L&rsquo;acc\u00e8s et [&hellip;]","og_url":"https:\/\/fayerfo.com\/fr\/termes-et-conditions\/","og_site_name":"FFO | Fayer Family Office","article_modified_time":"2025-04-17T13:36:13+00:00","twitter_card":"summary_large_image","twitter_misc":{"Dur\u00e9e de lecture estim\u00e9e":"6 minutes"},"schema":{"@context":"https:\/\/schema.org","@graph":[{"@type":"WebPage","@id":"https:\/\/fayerfo.com\/fr\/termes-et-conditions\/","url":"https:\/\/fayerfo.com\/fr\/termes-et-conditions\/","name":"Termes et conditions - FFO | Fayer Family Office","isPartOf":{"@id":"https:\/\/fayerfo.com\/fr\/#website"},"datePublished":"2025-04-17T08:51:24+00:00","dateModified":"2025-04-17T13:36:13+00:00","breadcrumb":{"@id":"https:\/\/fayerfo.com\/fr\/termes-et-conditions\/#breadcrumb"},"inLanguage":"fr-FR","potentialAction":[{"@type":"ReadAction","target":["https:\/\/fayerfo.com\/fr\/termes-et-conditions\/"]}]},{"@type":"BreadcrumbList","@id":"https:\/\/fayerfo.com\/fr\/termes-et-conditions\/#breadcrumb","itemListElement":[{"@type":"ListItem","position":1,"name":"Home","item":"https:\/\/fayerfo.com\/fr\/"},{"@type":"ListItem","position":2,"name":"Termes et conditions"}]},{"@type":"WebSite","@id":"https:\/\/fayerfo.com\/fr\/#website","url":"https:\/\/fayerfo.com\/fr\/","name":"FFO | Fayer Family Office","description":"","publisher":{"@id":"https:\/\/fayerfo.com\/fr\/#organization"},"potentialAction":[{"@type":"SearchAction","target":{"@type":"EntryPoint","urlTemplate":"https:\/\/fayerfo.com\/fr\/?s={search_term_string}"},"query-input":{"@type":"PropertyValueSpecification","valueRequired":true,"valueName":"search_term_string"}}],"inLanguage":"fr-FR"},{"@type":"Organization","@id":"https:\/\/fayerfo.com\/fr\/#organization","name":"FFO | Fayer Family Office","url":"https:\/\/fayerfo.com\/fr\/","logo":{"@type":"ImageObject","inLanguage":"fr-FR","@id":"https:\/\/fayerfo.com\/fr\/#\/schema\/logo\/image\/","url":"https:\/\/fayerfo.com\/wp-content\/uploads\/2025\/04\/FFO-sq.png","contentUrl":"https:\/\/fayerfo.com\/wp-content\/uploads\/2025\/04\/FFO-sq.png","width":1068,"height":1067,"caption":"FFO | Fayer Family Office"},"image":{"@id":"https:\/\/fayerfo.com\/fr\/#\/schema\/logo\/image\/"},"sameAs":["https:\/\/www.linkedin.com\/company\/fayer-family-office\/"]}]}},"_links":{"self":[{"href":"https:\/\/fayerfo.com\/fr\/wp-json\/wp\/v2\/pages\/40","targetHints":{"allow":["GET"]}}],"collection":[{"href":"https:\/\/fayerfo.com\/fr\/wp-json\/wp\/v2\/pages"}],"about":[{"href":"https:\/\/fayerfo.com\/fr\/wp-json\/wp\/v2\/types\/page"}],"author":[{"embeddable":true,"href":"https:\/\/fayerfo.com\/fr\/wp-json\/wp\/v2\/users\/1"}],"replies":[{"embeddable":true,"href":"https:\/\/fayerfo.com\/fr\/wp-json\/wp\/v2\/comments?post=40"}],"version-history":[{"count":1,"href":"https:\/\/fayerfo.com\/fr\/wp-json\/wp\/v2\/pages\/40\/revisions"}],"predecessor-version":[{"id":41,"href":"https:\/\/fayerfo.com\/fr\/wp-json\/wp\/v2\/pages\/40\/revisions\/41"}],"wp:attachment":[{"href":"https:\/\/fayerfo.com\/fr\/wp-json\/wp\/v2\/media?parent=40"}],"curies":[{"name":"wp","href":"https:\/\/api.w.org\/{rel}","templated":true}]}}