{"id":42,"date":"2025-04-17T13:29:16","date_gmt":"2025-04-17T13:29:16","guid":{"rendered":"https:\/\/fayerfo.com\/?page_id=42"},"modified":"2025-04-17T13:32:32","modified_gmt":"2025-04-17T13:32:32","slug":"politique-de-confidentialite","status":"publish","type":"page","link":"https:\/\/fayerfo.com\/fr\/politique-de-confidentialite\/","title":{"rendered":"Politique de confidentialit\u00e9"},"content":{"rendered":"<p><b>CONTEXTE :<\/b><\/p>\n<p><span style=\"font-weight: 400;\">Le Bureau Familial Fayer (FFO) comprend que votre vie priv\u00e9e est importante pour vous et que vous vous souciez de la mani\u00e8re dont vos donn\u00e9es personnelles sont utilis\u00e9es. Nous respectons et valorisons la vie priv\u00e9e de tous nos partenaires et des utilisateurs du site Internet de FFO. Nous ne collecterons et n&rsquo;utiliserons les donn\u00e9es personnelles que de mani\u00e8re d\u00e9crite ici, en accord avec nos obligations l\u00e9gales et vos droits.<\/span><\/p>\n<p>&nbsp;<\/p>\n<ol>\n<li><b> Informations nous concernant<\/b><\/li>\n<\/ol>\n<p><span style=\"font-weight: 400;\">Le Bureau Familial Fayer (FFO), est une soci\u00e9t\u00e9 canadienne dont le si\u00e8ge social est situ\u00e9 au 345, Avenue Victoria, Suite 510, Westmount (Qu\u00e9bec), H3Z 2N1, Canada.<\/span><\/p>\n<p>&nbsp;<\/p>\n<p><span style=\"font-weight: 400;\">Adresse courriel du D\u00e9l\u00e9gu\u00e9 \u00e0 la protection des donn\u00e9es :\u00a0privacy@ffo.com<\/span><\/p>\n<p>&nbsp;<\/p>\n<p>&nbsp;<\/p>\n<ol start=\"2\">\n<li><b> Que couvre cette politique ?<\/b><\/li>\n<\/ol>\n<p><span style=\"font-weight: 400;\">Cette politique de confidentialit\u00e9 explique comment nous utilisons vos donn\u00e9es personnelles : leur collecte, leur conservation, leur traitement. Il explique aussi vos droits en vertu de la loi.<\/span><\/p>\n<p>&nbsp;<\/p>\n<ol start=\"3\">\n<li><b> Qu\u2019est-ce qu\u2019une donn\u00e9e personnelle ?<\/b><\/li>\n<\/ol>\n<p><span style=\"font-weight: 400;\">Les donn\u00e9es personnelles sont d\u00e9finies par le R\u00e8glement g\u00e9n\u00e9ral sur la protection des donn\u00e9es (RGPD) comme \u00ab toute information se rapportant \u00e0 une personne identifiable pouvant \u00eatre identifi\u00e9e directement ou indirectement \u00bb. Cette d\u00e9finition inclut aussi les lois canadiennes (LPRPDE) et am\u00e9ricaines sur la protection des donn\u00e9es.<\/span><\/p>\n<p>&nbsp;<\/p>\n<p><span style=\"font-weight: 400;\">En termes simples, toute information permettant de vous identifier est une donn\u00e9e personnelle. Cela peut inclure votre nom, vos coordonn\u00e9es, vos identifiants num\u00e9riques, votre position g\u00e9ographique, etc.<\/span><\/p>\n<p>&nbsp;<\/p>\n<p><span style=\"font-weight: 400;\">Les donn\u00e9es personnelles que nous utilisons sont list\u00e9es dans la section 5.<\/span><\/p>\n<p>&nbsp;<\/p>\n<ol start=\"4\">\n<li><b> Quels sont vos droits ?<\/b><\/li>\n<\/ol>\n<p><span style=\"font-weight: 400;\">Selon le RGPD, vous disposez des droits suivants :<\/span><\/p>\n<ul>\n<li style=\"font-weight: 400;\" aria-level=\"1\"><span style=\"font-weight: 400;\">Le droit d\u2019\u00eatre inform\u00e9 sur la collecte et l\u2019utilisation de vos donn\u00e9es.<\/span><\/li>\n<li style=\"font-weight: 400;\" aria-level=\"1\"><span style=\"font-weight: 400;\">Le droit d\u2019acc\u00e9der aux donn\u00e9es que nous d\u00e9tenons \u00e0 votre sujet.<\/span><\/li>\n<li style=\"font-weight: 400;\" aria-level=\"1\"><span style=\"font-weight: 400;\">Le droit de rectification en cas d\u2019inexactitude.<\/span><\/li>\n<li style=\"font-weight: 400;\" aria-level=\"1\"><span style=\"font-weight: 400;\">Le droit \u00e0 l\u2019effacement (droit \u00e0 l\u2019oubli).<\/span><\/li>\n<li style=\"font-weight: 400;\" aria-level=\"1\"><span style=\"font-weight: 400;\">Le droit de limiter le traitement de vos donn\u00e9es.<\/span><\/li>\n<li style=\"font-weight: 400;\" aria-level=\"1\"><span style=\"font-weight: 400;\">Le droit d\u2019opposition \u00e0 certains traitements.<\/span><\/li>\n<li style=\"font-weight: 400;\" aria-level=\"1\"><span style=\"font-weight: 400;\">Le droit \u00e0 la portabilit\u00e9 des donn\u00e9es.<\/span><\/li>\n<li style=\"font-weight: 400;\" aria-level=\"1\"><span style=\"font-weight: 400;\">Des droits li\u00e9s \u00e0 la prise de d\u00e9cision automatis\u00e9e et au profilage (voir section 6).<\/span><\/li>\n<\/ul>\n<p>&nbsp;<\/p>\n<p><span style=\"font-weight: 400;\">Pour plus d&rsquo;informations ou pour exercer ces droits, veuillez nous contacter (voir section 11). Vous pouvez \u00e9galement vous adresser \u00e0 l\u2019autorit\u00e9 de protection des donn\u00e9es de votre pays.<\/span><\/p>\n<p>&nbsp;<\/p>\n<ol start=\"5\">\n<li><b> Quelles donn\u00e9es personnelles nous collectons ?<\/b><\/li>\n<\/ol>\n<p><span style=\"font-weight: 400;\">Nous pouvons collecter tout ou partie des donn\u00e9es suivantes (selon votre relation avec nous) :<\/span><\/p>\n<ul>\n<li style=\"font-weight: 400;\" aria-level=\"1\"><span style=\"font-weight: 400;\">Nom<\/span><\/li>\n<li style=\"font-weight: 400;\" aria-level=\"1\"><span style=\"font-weight: 400;\">Adresse email<\/span><\/li>\n<li style=\"font-weight: 400;\" aria-level=\"1\"><span style=\"font-weight: 400;\">Num\u00e9ro de t\u00e9l\u00e9phone<\/span><\/li>\n<li style=\"font-weight: 400;\" aria-level=\"1\"><span style=\"font-weight: 400;\">Nom de l\u2019entreprise<\/span><\/li>\n<\/ul>\n<p>&nbsp;<\/p>\n<ol start=\"6\">\n<li><b> Comment nous utilisons vos donn\u00e9es personnelles ?<\/b><\/li>\n<\/ol>\n<p><span style=\"font-weight: 400;\">Conform\u00e9ment au RGPD, nous utilisons vos donn\u00e9es uniquement si nous avons une base l\u00e9gale, par exemple :<\/span><\/p>\n<ul>\n<li style=\"font-weight: 400;\" aria-level=\"1\"><span style=\"font-weight: 400;\">Gestion de votre compte<\/span><\/li>\n<li style=\"font-weight: 400;\" aria-level=\"1\"><span style=\"font-weight: 400;\">Communication avec vous<\/span><\/li>\n<li style=\"font-weight: 400;\" aria-level=\"1\"><span style=\"font-weight: 400;\">Envoi d&rsquo;informations que vous avez choisies de recevoir (d\u00e9sinscription possible \u00e0 tout moment)<\/span><\/li>\n<\/ul>\n<p>&nbsp;<\/p>\n<p><span style=\"font-weight: 400;\">Avec votre autorisation ou lorsque la loi le permet, nous pouvons aussi vous contacter \u00e0 des fins de marketing. Vous ne recevrez jamais de spam. Nous nous conformons strictement aux r\u00e8glements applicables.<\/span><\/p>\n<p>&nbsp;<\/p>\n<p><b>Loi californienne sur la protection des consommateurs (CCPA)<\/b><span style=\"font-weight: 400;\"><br \/>\n<\/span><span style=\"font-weight: 400;\">Depuis le 1er janvier 2020, la CCPA prot\u00e8ge les r\u00e9sidents de Californie. Nous nous conformons \u00e0 cette loi en ne traitant que les donn\u00e9es n\u00e9cessaires \u00e0 :<\/span><\/p>\n<ul>\n<li style=\"font-weight: 400;\" aria-level=\"1\"><span style=\"font-weight: 400;\">L\u2019audit<\/span><\/li>\n<li style=\"font-weight: 400;\" aria-level=\"1\"><span style=\"font-weight: 400;\">La s\u00e9curit\u00e9<\/span><\/li>\n<li style=\"font-weight: 400;\" aria-level=\"1\"><span style=\"font-weight: 400;\">Le d\u00e9bogage et la r\u00e9paration<\/span><\/li>\n<li style=\"font-weight: 400;\" aria-level=\"1\"><span style=\"font-weight: 400;\">Des utilisations temporaires sp\u00e9cifiques<\/span><\/li>\n<li style=\"font-weight: 400;\" aria-level=\"1\"><span style=\"font-weight: 400;\">La prestation de services<\/span><\/li>\n<li style=\"font-weight: 400;\" aria-level=\"1\"><span style=\"font-weight: 400;\">La recherche interne pour le d\u00e9veloppement technologique<\/span><\/li>\n<li style=\"font-weight: 400;\" aria-level=\"1\"><span style=\"font-weight: 400;\">La v\u00e9rification de qualit\u00e9 et de s\u00e9curit\u00e9<\/span><\/li>\n<\/ul>\n<p>&nbsp;<\/p>\n<p><span style=\"font-weight: 400;\">Nous ne vendons jamais vos donn\u00e9es personnelles \u00e0 des tiers.<\/span><\/p>\n<p>&nbsp;<\/p>\n<ol start=\"7\">\n<li><b> Donn\u00e9es collect\u00e9es par le suivi\u00a0<\/b><\/li>\n<\/ol>\n<p><span style=\"font-weight: 400;\">Les informations collect\u00e9es par FFO sont utilis\u00e9es globalement pour mieux comprendre notre audience, am\u00e9liorer nos services et r\u00e9aliser des analyses statistiques. Ces donn\u00e9es nous permettent \u00e9galement de fournir des informations \u00e0 nos partenaires concernant l\u2019efficacit\u00e9 de leurs publicit\u00e9s.<\/span><\/p>\n<p>&nbsp;<\/p>\n<ol start=\"8\">\n<li><b> Combien de temps conservons-nous vos donn\u00e9es ?<\/b><\/li>\n<\/ol>\n<p><span style=\"font-weight: 400;\">Nous ne conserverons vos donn\u00e9es que le temps n\u00e9cessaire \u00e0 leur usage initial. La dur\u00e9e d\u00e9pendra du contexte. Pour plus d\u2019information, contactez notre DPD.<\/span><\/p>\n<p>&nbsp;<\/p>\n<ol start=\"9\">\n<li><b> O\u00f9 et comment vos donn\u00e9es sont-elles stock\u00e9es\/transf\u00e9r\u00e9es ?<\/b><\/li>\n<\/ol>\n<p><span style=\"font-weight: 400;\">Nous pouvons transf\u00e9rer vos donn\u00e9es partout dans le monde, y compris en dehors de l\u2019Espace \u00e9conomique europ\u00e9en (EEE). Dans ce cas, nous prenons des mesures pour garantir un niveau de protection \u00e9quivalent \u00e0 celui de l\u2019UE, du Canada ou des \u00c9tats-Unis.<\/span><\/p>\n<p>&nbsp;<\/p>\n<p><b>Pour les utilisateurs europ\u00e9ens<\/b><span style=\"font-weight: 400;\"><br \/>\n<\/span><span style=\"font-weight: 400;\">Nous utilisons les clauses contractuelles types approuv\u00e9es par la Commission europ\u00e9enne lorsque cela est n\u00e9cessaire. Contactez-nous (section 11) pour en savoir plus.<\/span><\/p>\n<p><span style=\"font-weight: 400;\">Nous prot\u00e9geons vos donn\u00e9es via des mesures de s\u00e9curit\u00e9 techniques (chiffrement SSL, logiciels, certificats) et physiques.<\/span><\/p>\n<p>&nbsp;<\/p>\n<p><b>Partageons-nous vos donn\u00e9es personnelles ?<\/b><b><br \/>\n<\/b><span style=\"font-weight: 400;\">Nous pouvons partager vos donn\u00e9es avec des tiers pour des services sp\u00e9cifiques (paiements, marketing, livraison). Ces tiers peuvent avoir besoin d&rsquo;acc\u00e9der \u00e0 certaines donn\u00e9es. Nous nous assurons qu\u2019ils respectent vos droits et la l\u00e9gislation applicable. La liste de nos sous-traitants est disponible sur demande. Dans certains cas, nous pourrions \u00eatre l\u00e9galement oblig\u00e9s de partager vos donn\u00e9es (proc\u00e9dure judiciaire, autorit\u00e9 l\u00e9gale, etc.).<\/span><\/p>\n<p>&nbsp;<\/p>\n<ol start=\"11\">\n<li><b> Comment acc\u00e9der \u00e0 vos donn\u00e9es personnelles ?<\/b><\/li>\n<\/ol>\n<p><span style=\"font-weight: 400;\">Vous pouvez demander l\u2019acc\u00e8s aux donn\u00e9es personnelles que nous d\u00e9tenons sur vous (demande d\u2019acc\u00e8s aux donn\u00e9es). Les demandes doivent \u00eatre faites par \u00e9crit aux adresses indiqu\u00e9es ci-dessous.\u00a0<\/span><\/p>\n<p>&nbsp;<\/p>\n<p><span style=\"font-weight: 400;\">Nous r\u00e9pondons g\u00e9n\u00e9ralement dans un d\u00e9lai de 20 jours, et au plus tard dans le mois suivant. Un d\u00e9lai suppl\u00e9mentaire peut \u00eatre n\u00e9cessaire pour les cas complexes (jusqu\u2019\u00e0 trois mois). Vous serez inform\u00e9 du suivi.<\/span><\/p>\n<p>&nbsp;<\/p>\n<ol start=\"12\">\n<li><b> Comment nous contacter ?<\/b><\/li>\n<\/ol>\n<p>&nbsp;<\/p>\n<p><span style=\"font-weight: 400;\">Pour toute question concernant vos donn\u00e9es ou pour faire une demande, contactez-nous :<\/span><\/p>\n<p><b>Courriel :<\/b><span style=\"font-weight: 400;\">\u00a0privacy@ffo.com<\/span><\/p>\n<p>&nbsp;<\/p>\n<p>&nbsp;<\/p>\n<p><b>Adresse postale :<\/b><\/p>\n<p><span style=\"font-weight: 400;\"><br \/>\n<\/span><span style=\"font-weight: 400;\">345, Avenue Victoria, Suite 510, Westmount (Qu\u00e9bec), H3Z 2N1, Canada.<\/span><\/p>\n<p>&nbsp;<\/p>\n<ol start=\"13\">\n<li><b> Modifications de cet avis de confidentialit\u00e9<\/b><\/li>\n<\/ol>\n<p><span style=\"font-weight: 400;\">Nous pouvons modifier cette politique de confidentialit\u00e9 \u00e0 tout moment, notamment si la l\u00e9gislation change ou si nos pratiques \u00e9voluent. Les mises \u00e0 jour seront publi\u00e9es sur notre site Internet.<\/span><\/p>\n","protected":false},"excerpt":{"rendered":"<p>CONTEXTE : Le Bureau Familial Fayer (FFO) comprend que votre vie priv\u00e9e est importante pour vous et que vous vous souciez de la mani\u00e8re dont vos donn\u00e9es personnelles sont utilis\u00e9es. Nous respectons et valorisons la vie priv\u00e9e de tous nos partenaires et des utilisateurs du site Internet de FFO. Nous ne collecterons et n&rsquo;utiliserons les [&hellip;]<\/p>\n","protected":false},"author":1,"featured_media":0,"parent":0,"menu_order":0,"comment_status":"closed","ping_status":"closed","template":"","meta":{"footnotes":""},"class_list":["post-42","page","type-page","status-publish","hentry"],"acf":[],"yoast_head":"<!-- This site is optimized with the Yoast SEO plugin v26.0 - https:\/\/yoast.com\/wordpress\/plugins\/seo\/ -->\n<title>Politique de confidentialit\u00e9 - FFO | Fayer Family Office<\/title>\n<meta name=\"robots\" content=\"index, follow, max-snippet:-1, max-image-preview:large, max-video-preview:-1\" \/>\n<link rel=\"canonical\" href=\"https:\/\/fayerfo.com\/fr\/politique-de-confidentialite\/\" \/>\n<meta property=\"og:locale\" content=\"fr_FR\" \/>\n<meta property=\"og:type\" content=\"article\" \/>\n<meta property=\"og:title\" content=\"Politique de confidentialit\u00e9 - FFO | Fayer Family Office\" \/>\n<meta property=\"og:description\" content=\"CONTEXTE : Le Bureau Familial Fayer (FFO) comprend que votre vie priv\u00e9e est importante pour vous et que vous vous souciez de la mani\u00e8re dont vos donn\u00e9es personnelles sont utilis\u00e9es. Nous respectons et valorisons la vie priv\u00e9e de tous nos partenaires et des utilisateurs du site Internet de FFO. Nous ne collecterons et n&rsquo;utiliserons les [&hellip;]\" \/>\n<meta property=\"og:url\" content=\"https:\/\/fayerfo.com\/fr\/politique-de-confidentialite\/\" \/>\n<meta property=\"og:site_name\" content=\"FFO | Fayer Family Office\" \/>\n<meta property=\"article:modified_time\" content=\"2025-04-17T13:32:32+00:00\" \/>\n<meta name=\"twitter:card\" content=\"summary_large_image\" \/>\n<meta name=\"twitter:label1\" content=\"Dur\u00e9e de lecture estim\u00e9e\" \/>\n\t<meta name=\"twitter:data1\" content=\"5 minutes\" \/>\n<script type=\"application\/ld+json\" class=\"yoast-schema-graph\">{\"@context\":\"https:\/\/schema.org\",\"@graph\":[{\"@type\":\"WebPage\",\"@id\":\"https:\/\/fayerfo.com\/fr\/politique-de-confidentialite\/\",\"url\":\"https:\/\/fayerfo.com\/fr\/politique-de-confidentialite\/\",\"name\":\"Politique de confidentialit\u00e9 - FFO | Fayer Family Office\",\"isPartOf\":{\"@id\":\"https:\/\/fayerfo.com\/fr\/#website\"},\"datePublished\":\"2025-04-17T13:29:16+00:00\",\"dateModified\":\"2025-04-17T13:32:32+00:00\",\"breadcrumb\":{\"@id\":\"https:\/\/fayerfo.com\/fr\/politique-de-confidentialite\/#breadcrumb\"},\"inLanguage\":\"fr-FR\",\"potentialAction\":[{\"@type\":\"ReadAction\",\"target\":[\"https:\/\/fayerfo.com\/fr\/politique-de-confidentialite\/\"]}]},{\"@type\":\"BreadcrumbList\",\"@id\":\"https:\/\/fayerfo.com\/fr\/politique-de-confidentialite\/#breadcrumb\",\"itemListElement\":[{\"@type\":\"ListItem\",\"position\":1,\"name\":\"Home\",\"item\":\"https:\/\/fayerfo.com\/fr\/\"},{\"@type\":\"ListItem\",\"position\":2,\"name\":\"Politique de confidentialit\u00e9\"}]},{\"@type\":\"WebSite\",\"@id\":\"https:\/\/fayerfo.com\/fr\/#website\",\"url\":\"https:\/\/fayerfo.com\/fr\/\",\"name\":\"FFO | Fayer Family Office\",\"description\":\"\",\"publisher\":{\"@id\":\"https:\/\/fayerfo.com\/fr\/#organization\"},\"potentialAction\":[{\"@type\":\"SearchAction\",\"target\":{\"@type\":\"EntryPoint\",\"urlTemplate\":\"https:\/\/fayerfo.com\/fr\/?s={search_term_string}\"},\"query-input\":{\"@type\":\"PropertyValueSpecification\",\"valueRequired\":true,\"valueName\":\"search_term_string\"}}],\"inLanguage\":\"fr-FR\"},{\"@type\":\"Organization\",\"@id\":\"https:\/\/fayerfo.com\/fr\/#organization\",\"name\":\"FFO | Fayer Family Office\",\"url\":\"https:\/\/fayerfo.com\/fr\/\",\"logo\":{\"@type\":\"ImageObject\",\"inLanguage\":\"fr-FR\",\"@id\":\"https:\/\/fayerfo.com\/fr\/#\/schema\/logo\/image\/\",\"url\":\"https:\/\/fayerfo.com\/wp-content\/uploads\/2025\/04\/FFO-sq.png\",\"contentUrl\":\"https:\/\/fayerfo.com\/wp-content\/uploads\/2025\/04\/FFO-sq.png\",\"width\":1068,\"height\":1067,\"caption\":\"FFO | Fayer Family Office\"},\"image\":{\"@id\":\"https:\/\/fayerfo.com\/fr\/#\/schema\/logo\/image\/\"},\"sameAs\":[\"https:\/\/www.linkedin.com\/company\/fayer-family-office\/\"]}]}<\/script>\n<!-- \/ Yoast SEO plugin. -->","yoast_head_json":{"title":"Politique de confidentialit\u00e9 - FFO | Fayer Family Office","robots":{"index":"index","follow":"follow","max-snippet":"max-snippet:-1","max-image-preview":"max-image-preview:large","max-video-preview":"max-video-preview:-1"},"canonical":"https:\/\/fayerfo.com\/fr\/politique-de-confidentialite\/","og_locale":"fr_FR","og_type":"article","og_title":"Politique de confidentialit\u00e9 - FFO | Fayer Family Office","og_description":"CONTEXTE : Le Bureau Familial Fayer (FFO) comprend que votre vie priv\u00e9e est importante pour vous et que vous vous souciez de la mani\u00e8re dont vos donn\u00e9es personnelles sont utilis\u00e9es. Nous respectons et valorisons la vie priv\u00e9e de tous nos partenaires et des utilisateurs du site Internet de FFO. Nous ne collecterons et n&rsquo;utiliserons les [&hellip;]","og_url":"https:\/\/fayerfo.com\/fr\/politique-de-confidentialite\/","og_site_name":"FFO | Fayer Family Office","article_modified_time":"2025-04-17T13:32:32+00:00","twitter_card":"summary_large_image","twitter_misc":{"Dur\u00e9e de lecture estim\u00e9e":"5 minutes"},"schema":{"@context":"https:\/\/schema.org","@graph":[{"@type":"WebPage","@id":"https:\/\/fayerfo.com\/fr\/politique-de-confidentialite\/","url":"https:\/\/fayerfo.com\/fr\/politique-de-confidentialite\/","name":"Politique de confidentialit\u00e9 - FFO | Fayer Family Office","isPartOf":{"@id":"https:\/\/fayerfo.com\/fr\/#website"},"datePublished":"2025-04-17T13:29:16+00:00","dateModified":"2025-04-17T13:32:32+00:00","breadcrumb":{"@id":"https:\/\/fayerfo.com\/fr\/politique-de-confidentialite\/#breadcrumb"},"inLanguage":"fr-FR","potentialAction":[{"@type":"ReadAction","target":["https:\/\/fayerfo.com\/fr\/politique-de-confidentialite\/"]}]},{"@type":"BreadcrumbList","@id":"https:\/\/fayerfo.com\/fr\/politique-de-confidentialite\/#breadcrumb","itemListElement":[{"@type":"ListItem","position":1,"name":"Home","item":"https:\/\/fayerfo.com\/fr\/"},{"@type":"ListItem","position":2,"name":"Politique de confidentialit\u00e9"}]},{"@type":"WebSite","@id":"https:\/\/fayerfo.com\/fr\/#website","url":"https:\/\/fayerfo.com\/fr\/","name":"FFO | Fayer Family Office","description":"","publisher":{"@id":"https:\/\/fayerfo.com\/fr\/#organization"},"potentialAction":[{"@type":"SearchAction","target":{"@type":"EntryPoint","urlTemplate":"https:\/\/fayerfo.com\/fr\/?s={search_term_string}"},"query-input":{"@type":"PropertyValueSpecification","valueRequired":true,"valueName":"search_term_string"}}],"inLanguage":"fr-FR"},{"@type":"Organization","@id":"https:\/\/fayerfo.com\/fr\/#organization","name":"FFO | Fayer Family Office","url":"https:\/\/fayerfo.com\/fr\/","logo":{"@type":"ImageObject","inLanguage":"fr-FR","@id":"https:\/\/fayerfo.com\/fr\/#\/schema\/logo\/image\/","url":"https:\/\/fayerfo.com\/wp-content\/uploads\/2025\/04\/FFO-sq.png","contentUrl":"https:\/\/fayerfo.com\/wp-content\/uploads\/2025\/04\/FFO-sq.png","width":1068,"height":1067,"caption":"FFO | Fayer Family Office"},"image":{"@id":"https:\/\/fayerfo.com\/fr\/#\/schema\/logo\/image\/"},"sameAs":["https:\/\/www.linkedin.com\/company\/fayer-family-office\/"]}]}},"_links":{"self":[{"href":"https:\/\/fayerfo.com\/fr\/wp-json\/wp\/v2\/pages\/42","targetHints":{"allow":["GET"]}}],"collection":[{"href":"https:\/\/fayerfo.com\/fr\/wp-json\/wp\/v2\/pages"}],"about":[{"href":"https:\/\/fayerfo.com\/fr\/wp-json\/wp\/v2\/types\/page"}],"author":[{"embeddable":true,"href":"https:\/\/fayerfo.com\/fr\/wp-json\/wp\/v2\/users\/1"}],"replies":[{"embeddable":true,"href":"https:\/\/fayerfo.com\/fr\/wp-json\/wp\/v2\/comments?post=42"}],"version-history":[{"count":3,"href":"https:\/\/fayerfo.com\/fr\/wp-json\/wp\/v2\/pages\/42\/revisions"}],"predecessor-version":[{"id":48,"href":"https:\/\/fayerfo.com\/fr\/wp-json\/wp\/v2\/pages\/42\/revisions\/48"}],"wp:attachment":[{"href":"https:\/\/fayerfo.com\/fr\/wp-json\/wp\/v2\/media?parent=42"}],"curies":[{"name":"wp","href":"https:\/\/api.w.org\/{rel}","templated":true}]}}